{"id":40,"date":"2025-11-07T17:31:27","date_gmt":"2025-11-07T16:31:27","guid":{"rendered":"https:\/\/chatawariatta.com\/index.php\/strona-1\/"},"modified":"2025-11-07T22:23:20","modified_gmt":"2025-11-07T21:23:20","slug":"strona-1","status":"publish","type":"page","link":"https:\/\/chatawariatta.com\/","title":{"rendered":"Chata Wariatta"},"content":{"rendered":"\n    \n    <section class=\"skrollable skrollable-between u-align-center u-clearfix u-container-align-center u-gradient u-image u-section-2\" id=\"sec-1021\" src=\"\" data-image-width=\"1024\" data-image-height=\"1536\" style=\"background-image: linear-gradient(rgba(0, 0, 0, 0.65), rgba(255, 255, 255, 0)), linear-gradient(rgba(255, 255, 255, 0), rgba(0, 0, 0, 0.8)), url(&quot;https:\/\/chatawariatta.com\/wp-content\/uploads\/2025\/11\/image.png&quot;);\">\n      <div class=\"u-clearfix u-sheet u-valign-middle-lg u-valign-middle-sm u-sheet-1\">\n        <img decoding=\"async\" class=\"u-align-center u-image u-image-contain u-image-round u-radius u-image-1\" src=\"https:\/\/chatawariatta.com\/wp-content\/uploads\/2025\/11\/chata.png\" alt=\"\" data-image-width=\"2149\" data-image-height=\"678\">\n        <h1 class=\"u-align-center u-text u-text-custom-color-7 u-text-1\">JEdyny w swoim rodza<span style=\"font-weight: 400;\"><span style=\"font-weight: 700;\"><\/span><\/span>ju \n        <\/h1>\n        <a href=\"tel:+48 500 444 134\" class=\"u-align-center u-btn u-button-style u-btn-1\"><span class=\"u-file-icon u-icon u-icon-1\"><img decoding=\"async\" src=\"https:\/\/chatawariatta.com\/wp-content\/uploads\/2025\/11\/1257.png\" alt=\"\"><\/span>&nbsp;Zam\u00f3w teraz \n        <\/a>\n      <\/div>\n      <style data-mode=\"XXL\">@media (max-width: 0px) {\n   .u-section-2 {\n    background-image: linear-gradient(0deg, rgba(0, 0, 0, 0.45), rgba(0, 0, 0, 0.45)), url('https:\/\/chatawariatta.com\/wp-content\/uploads\/2025\/11\/medium-shot-man-getting-haircut2-min.jpg');\n    background-position: 50% 50%, 50% 50%;\n    background-size: cover, cover;\n  }\n  .u-section-2 .u-sheet-1 {\n    min-height: 792px;\n  }\n  .u-section-2 .u-text-1 {\n    text-shadow: 2px 2px 8px rgba(0,0,0,0.4);\n    --animation-custom_in-translate_x: 0px;\n    --animation-custom_in-translate_y: -300px;\n    --animation-custom_in-opacity: 0;\n    --animation-custom_in-rotate: 0deg;\n    --animation-custom_in-scale: 0.3;\n    font-size: 5.625rem;\n    text-transform: uppercase;\n    font-weight: 700;\n    width: 795px;\n    margin-top: 60px;\n    margin-left: auto;\n    margin-right: auto;\n    margin-bottom: 0;\n  }\n  .u-block-6922-39 {\n    text-shadow: 2px 2px 8px rgba(0,0,0,0.4);\n    --animation-custom_in-translate_x: 0px;\n    --animation-custom_in-translate_y: 0px;\n    --animation-custom_in-opacity: 0;\n    --animation-custom_in-rotate: 0deg;\n    --animation-custom_in-scale: 0.3;\n    width: 795px;\n    margin-top: 30px;\n    margin-left: auto;\n    margin-right: auto;\n    margin-bottom: 0;\n  }\n  .u-section-2 .u-btn-1 {\n    text-transform: uppercase;\n    font-weight: 700;\n    letter-spacing: 2px;\n    font-size: 1rem;\n    background-image: none;\n    --animation-custom_in-translate_x: 0px;\n    --animation-custom_in-translate_y: 300px;\n    --animation-custom_in-opacity: 0;\n    --animation-custom_in-rotate: 0deg;\n    --animation-custom_in-scale: 1;\n    margin-top: 45px;\n    margin-left: auto;\n    margin-right: auto;\n    margin-bottom: 0;\n    padding-top: 18px;\n    padding-right: 42px;\n    padding-bottom: 18px;\n    padding-left: 41px;\n  }\n  .u-section-2 .u-image-1 {\n    --animation-custom_in-translate_x: 0px;\n    --animation-custom_in-translate_y: 300px;\n    --animation-custom_in-opacity: 0;\n    --animation-custom_in-rotate: 0deg;\n    --animation-custom_in-scale: 0.3;\n    margin-top: 45px;\n    margin-left: auto;\n    margin-right: auto;\n    margin-bottom: 60px;\n  }\n  .u-section-2 .u-icon-1 {\n    background-image: none;\n    border-style: solid;\n    margin-left: auto;\n    padding-top: 0;\n    padding-bottom: 0;\n    padding-left: 0;\n    padding-right: 0;\n  }\n}<\/style>\n    <\/section>\n    <section class=\"u-align-center-lg u-align-center-md u-align-center-xl u-align-left-sm u-align-left-xs u-clearfix u-container-align-center u-shading u-section-3\" id=\"sec-de26\" data-image-width=\"1024\" data-image-height=\"1536\">\n      <style data-mode=\"XXL\">@media (max-width: 0px) {\n   .u-section-3 {\n    background-image: none;\n    min-height: 1147px;\n  }\n  .u-section-3 .u-sheet-1 {\n    height: 573px;\n    margin-top: 0;\n    margin-bottom: 0;\n  }\n  .u-section-3 .u-group-1 {\n    width: 790px;\n    min-height: 862px;\n    background-image: none;\n    height: auto;\n    margin-top: -399px;\n    margin-left: auto;\n    margin-right: auto;\n    margin-bottom: 60px;\n  }\n  .u-section-3 .u-container-layout-1 {\n    padding-top: 30px;\n    padding-bottom: 30px;\n    padding-left: 30px;\n    padding-right: 30px;\n  }\n  .u-section-3 .u-text-1 {\n    margin-top: 0;\n    margin-bottom: 0;\n    margin-left: 0;\n    margin-right: 0;\n  }\n  .u-section-3 .u-text-2 {\n    font-size: 1rem;\n    line-height: 1.8;\n    margin-top: 28px;\n    margin-left: 0;\n    margin-right: 0;\n    margin-bottom: 0;\n  }\n  .u-section-3 .u-text-3 {\n    width: 508px;\n    line-height: 2;\n    font-size: 1rem;\n    margin-top: 45px;\n    margin-left: auto;\n    margin-right: auto;\n    margin-bottom: 0;\n  }\n  .u-block-3f9f-21 {\n    font-weight: 700;\n    text-transform: uppercase;\n    font-size: 1rem;\n    letter-spacing: 3px;\n    background-image: none;\n    border-style: solid;\n    align-self: center;\n    margin-top: 60px;\n    margin-left: auto;\n    margin-right: auto;\n    margin-bottom: 0;\n    padding-top: 17px;\n    padding-right: 46px;\n    padding-bottom: 17px;\n    padding-left: 45px;\n  }\n  .u-block-3f9f-22 {\n    font-size: 1rem;\n    vertical-align: 0px;\n  }\n  .u-block-3f9f-25 {\n    font-size: 1rem;\n    width: 570px;\n    margin-top: 41px;\n    margin-left: auto;\n    margin-right: auto;\n    margin-bottom: 0;\n  }\n  .u-block-3f9f-26 {\n    border-style: solid;\n    padding-top: 0;\n    padding-bottom: 0;\n    padding-left: 0;\n    padding-right: 0;\n  }\n}<\/style>\n      <div class=\"u-clearfix u-sheet u-sheet-1\">\n        <div class=\"u-container-align-center u-container-style u-group u-radius u-shading u-shape-round u-group-1\">\n          <div class=\"u-container-layout u-valign-middle u-container-layout-1\">\n            <h2 class=\"u-align-center u-text u-text-custom-color-7 u-text-1\"> WA\u017bNE OG\u0141OSZENIE<\/h2>\n            <p class=\"u-align-center u-text u-text-custom-color-7 u-text-2\"><span style=\"font-weight: 700;\"><\/span> Informujemy, \u017ce Chata Wariatta Gorzykowska nie prowadzi \u017cadnej wsp\u00f3\u0142pracy<br style=\"\"> Wszystkie nasze dania przygotowywane s\u0105 wy\u0142\u0105cznie w naszej kuchni, wed\u0142ug naszych receptur i z naszym zespo\u0142em. Je\u015bli kto\u015b u\u017cywa naszej nazwy lub sugeruje powi\u0105zanie z nami \u2014 to jest to nieprawdziwa informacja. \n            <\/p>\n            <p class=\"u-align-center u-large-text u-spacing-12 u-text u-text-custom-color-7 u-text-variant u-text-3\"> Dzi\u0119kujemy za zaufanie!<br style=\"\">Zesp\u00f3\u0142 Chata Wariatta<br>\n            <\/p>\n          <\/div>\n        <\/div>\n      <\/div>\n    <\/section>\n    <section class=\"u-clearfix u-image u-shading u-section-4\" id=\"block-2\" style=\"background-image: linear-gradient(rgb(0, 0, 0), rgb(0, 0, 0)), url(&quot;https:\/\/chatawariatta.com\/wp-content\/uploads\/2025\/11\/backcoijak.png&quot;);\">\n      <div class=\"u-clearfix u-sheet u-sheet-1\">\n        <div class=\"u-align-center u-container-align-center u-container-style u-group u-group-1\">\n          <div class=\"u-container-layout u-valign-middle u-container-layout-1\">\n            <h2 class=\"u-text u-text-custom-color-7 u-text-1\">Skontakt\u200buj si\u0119 z nami<\/h2>\n            <p class=\"u-text u-text-custom-color-7 u-text-2\">Czekamy na twoje zam\u00f3wienie!<\/p>\n          <\/div>\n        <\/div>\n        <div class=\"data-layout-selected u-clearfix u-expanded-width u-gutter-30 u-layout-wrap u-layout-wrap-1\">\n          <div class=\"u-layout\">\n            <div class=\"u-layout-col\">\n              <div class=\"u-size-38 u-size-60-md\">\n                <div class=\"u-layout-col\">\n                  <div class=\"u-align-left u-container-align-left u-container-style u-layout-cell u-left-cell u-right-cell u-size-60 u-layout-cell-1\">\n                    <div class=\"u-container-layout u-container-layout-2\">\n                      <div class=\"u-absolute-hcenter u-expanded u-grey-light-2 u-map\">\n                        <div class=\"embed-responsive\">\n                          <iframe class=\"embed-responsive-item\" src=\"https:\/\/maps.google.com\/maps?output=embed&amp;q=Gorzykowska%205%20Chata%20Wariatta&amp;z=17&amp;t=m\" data-map=\"JTdCJTIycG9zaXRpb25UeXBlJTIyJTNBJTIybWFwLWFkZHJlc3MlMjIlMkMlMjJhZGRyZXNzJTIyJTNBJTIyR29yenlrb3dza2ElMjA1JTIwQ2hhdGElMjBXYXJpYXR0YSUyMiUyQyUyMnpvb20lMjIlM0ExNyUyQyUyMnR5cGVJZCUyMiUzQSUyMnJvYWQlMjIlMkMlMjJsYW5nJTIyJTNBbnVsbCUyQyUyMmFwaUtleSUyMiUzQW51bGwlMkMlMjJtYXJrZXJzJTIyJTNBJTVCJTVEJTdE\"><\/iframe>\n                        <\/div>\n                      <\/div>\n                    <\/div>\n                  <\/div>\n                <\/div>\n              <\/div>\n              <div class=\"u-size-22 u-size-60-md\">\n                <div class=\"u-layout-row\">\n                  <div class=\"u-align-left u-container-align-center u-container-align-left u-container-style u-layout-cell u-left-cell u-radius u-shading u-shape-round u-size-60 u-layout-cell-2\">\n                    <div class=\"u-container-layout u-valign-top u-container-layout-3\">\n                      <h3 class=\"u-align-center u-text u-text-custom-color-7 u-text-3\">Gorzykowska 5<\/h3>\n                      <p class=\"u-align-center u-text u-text-custom-color-7 u-text-4\">Warszawa 03-552<\/p>\n                      <p class=\"u-align-center u-text u-text-custom-color-7 u-text-5\">+48 500 444 134<\/p>\n                      <p class=\"u-align-center u-text u-text-custom-color-7 u-text-6\"> chatawariatta@chatawariatta.com<\/p>\n                    <\/div>\n                  <\/div>\n                <\/div>\n              <\/div>\n            <\/div>\n          <\/div>\n        <\/div>\n      <\/div>\n    <\/section>\n    \n    \n    \n    \n  \n","protected":false},"excerpt":{"rendered":"<p>JEdyny w swoim rodzaju &nbsp;Zam\u00f3w teraz WA\u017bNE OG\u0141OSZENIE Informujemy, \u017ce Chata Wariatta Gorzykowska nie prowadzi \u017cadnej wsp\u00f3\u0142pracy Wszystkie nasze dania przygotowywane s\u0105 wy\u0142\u0105cznie w naszej kuchni, wed\u0142ug naszych receptur i z naszym zespo\u0142em. Je\u015bli kto\u015b u\u017cywa naszej nazwy lub sugeruje powi\u0105zanie z nami \u2014 to jest to nieprawdziwa informacja. Dzi\u0119kujemy za zaufanie!Zesp\u00f3\u0142 Chata Wariatta Skontakt\u200buj &hellip; <a href=\"https:\/\/chatawariatta.com\/\" class=\"more-link\">Continue reading<span class=\"screen-reader-text\"> &#8222;Chata Wariatta&#8221;<\/span><\/a><\/p>\n","protected":false},"author":1,"featured_media":0,"parent":0,"menu_order":2,"comment_status":"closed","ping_status":"closed","template":"","meta":{"footnotes":""},"class_list":["post-40","page","type-page","status-publish","hentry"],"_links":{"self":[{"href":"https:\/\/chatawariatta.com\/index.php\/wp-json\/wp\/v2\/pages\/40","targetHints":{"allow":["GET"]}}],"collection":[{"href":"https:\/\/chatawariatta.com\/index.php\/wp-json\/wp\/v2\/pages"}],"about":[{"href":"https:\/\/chatawariatta.com\/index.php\/wp-json\/wp\/v2\/types\/page"}],"author":[{"embeddable":true,"href":"https:\/\/chatawariatta.com\/index.php\/wp-json\/wp\/v2\/users\/1"}],"replies":[{"embeddable":true,"href":"https:\/\/chatawariatta.com\/index.php\/wp-json\/wp\/v2\/comments?post=40"}],"version-history":[{"count":4,"href":"https:\/\/chatawariatta.com\/index.php\/wp-json\/wp\/v2\/pages\/40\/revisions"}],"predecessor-version":[{"id":69,"href":"https:\/\/chatawariatta.com\/index.php\/wp-json\/wp\/v2\/pages\/40\/revisions\/69"}],"wp:attachment":[{"href":"https:\/\/chatawariatta.com\/index.php\/wp-json\/wp\/v2\/media?parent=40"}],"curies":[{"name":"wp","href":"https:\/\/api.w.org\/{rel}","templated":true}]}}